{"id":9904,"date":"2024-04-23T20:06:33","date_gmt":"2024-04-23T18:06:33","guid":{"rendered":"https:\/\/tshirtsandgadgets.com\/product\/light-in-middle-of-branches-unisex-heavy-blend-hooded-sweatshirt-lumiere-au-milieu-des-branches-pull-a-capuche-unisexe-en-melange-lourd\/"},"modified":"2024-05-05T01:44:21","modified_gmt":"2024-05-04T23:44:21","slug":"light-in-middle-of-branches-unisex-heavy-blend-hooded-sweatshirt-lumiere-au-milieu-des-branches-pull-a-capuche-unisexe-en-melange-lourd","status":"publish","type":"product","link":"https:\/\/tshirtsandgadgets.com\/index.php\/product\/light-in-middle-of-branches-unisex-heavy-blend-hooded-sweatshirt-lumiere-au-milieu-des-branches-pull-a-capuche-unisexe-en-melange-lourd\/","title":{"rendered":"Light in middle of branches. Unisex Heavy Blend Hooded Sweatshirt |  Lumiere au milieu des branches. Pull a capuche unisexe en melange lourd"},"content":{"rendered":"<p>[English]<br \/>\nLight in middle of branches. This unisex heavy blend hooded sweatshirt is relaxation itself. Made with a thick blend of cotton and polyester, it feels plush, soft and warm, a perfect choice for any cold day. In the front, the spacious kangaroo pocket adds daily practicality while the hood&#8217;s drawstring is the same color as the base sweater for extra style points.<br \/>\n.: 50% cotton, 50% polyester (fiber content may vary for different colors)<br \/>\n.: Medium-heavy fabric (8.0 oz\/yd\u00b2 (271 g\/m\u00b2))<br \/>\n.: Classic fit<br \/>\n.: Tear-away label<br \/>\n.: Runs true to size<\/p>\n<p>[Fran\u00e7ais]<br \/>\nLumi\u00e8re au milieu des branches. Ce sweat-shirt \u00e0 capuche unisexe en m\u00e9lange \u00e9pais est la relaxation elle-m\u00eame. Fabriqu\u00e9 avec un \u00e9pais m\u00e9lange de coton et de polyester, il est moelleux, doux et chaud, un choix parfait pour toute journ\u00e9e froide. Sur le devant, la poche kangourou spacieuse ajoute une fonctionnalit\u00e9 quotidienne tandis que le cordon de serrage de la capuche est de la m\u00eame couleur que le pull de base pour des points de style suppl\u00e9mentaires.<br \/>\n.: 50 % coton, 50 % polyester (la teneur en fibres peut varier selon les couleurs)<br \/>\n.: Tissu mi-\u00e9pais (8,0 oz\/yd\u00b2 (271 g\/m\u00b2))<br \/>\n.: Coupe classique<br \/>\n.: Etiquette d\u00e9tachable<br \/>\n.: Fonctionne fid\u00e8le \u00e0 la taille<\/p>\n","protected":false},"excerpt":{"rendered":"<p>&#8230;<\/p>\n","protected":false},"featured_media":9947,"comment_status":"open","ping_status":"closed","template":"","meta":{"om_disable_all_campaigns":false,"_monsterinsights_skip_tracking":false,"_monsterinsights_sitenote_active":false,"_monsterinsights_sitenote_note":"","_monsterinsights_sitenote_category":0,"_uf_show_specific_survey":0,"_uf_disable_surveys":false},"etheme_brands":[],"product_cat":[30,29,76],"product_tag":[],"class_list":{"0":"post-9904","1":"product","2":"type-product","3":"status-publish","4":"has-post-thumbnail","6":"product_cat-clothing","7":"product_cat-shop","8":"product_cat-sweater","10":"first","11":"instock","12":"taxable","13":"shipping-taxable","14":"purchasable","15":"product-type-variable","16":"has-default-attributes"},"aioseo_notices":[],"jetpack_sharing_enabled":true,"_links":{"self":[{"href":"https:\/\/tshirtsandgadgets.com\/index.php\/wp-json\/wp\/v2\/product\/9904","targetHints":{"allow":["GET"]}}],"collection":[{"href":"https:\/\/tshirtsandgadgets.com\/index.php\/wp-json\/wp\/v2\/product"}],"about":[{"href":"https:\/\/tshirtsandgadgets.com\/index.php\/wp-json\/wp\/v2\/types\/product"}],"replies":[{"embeddable":true,"href":"https:\/\/tshirtsandgadgets.com\/index.php\/wp-json\/wp\/v2\/comments?post=9904"}],"version-history":[{"count":1,"href":"https:\/\/tshirtsandgadgets.com\/index.php\/wp-json\/wp\/v2\/product\/9904\/revisions"}],"predecessor-version":[{"id":17825,"href":"https:\/\/tshirtsandgadgets.com\/index.php\/wp-json\/wp\/v2\/product\/9904\/revisions\/17825"}],"wp:featuredmedia":[{"embeddable":true,"href":"https:\/\/tshirtsandgadgets.com\/index.php\/wp-json\/wp\/v2\/media\/9947"}],"wp:attachment":[{"href":"https:\/\/tshirtsandgadgets.com\/index.php\/wp-json\/wp\/v2\/media?parent=9904"}],"wp:term":[{"taxonomy":"brand","embeddable":true,"href":"https:\/\/tshirtsandgadgets.com\/index.php\/wp-json\/wp\/v2\/etheme_brands?post=9904"},{"taxonomy":"product_cat","embeddable":true,"href":"https:\/\/tshirtsandgadgets.com\/index.php\/wp-json\/wp\/v2\/product_cat?post=9904"},{"taxonomy":"product_tag","embeddable":true,"href":"https:\/\/tshirtsandgadgets.com\/index.php\/wp-json\/wp\/v2\/product_tag?post=9904"}],"curies":[{"name":"wp","href":"https:\/\/api.w.org\/{rel}","templated":true}]}}