{"id":18086,"date":"2024-05-13T06:00:30","date_gmt":"2024-05-13T04:00:30","guid":{"rendered":"https:\/\/tshirtsandgadgets.com\/product\/unisex-heavy-blend-crewneck-sweatshirt-skeleton-skull-decorated-smiler-flashy-and-young-trendy\/"},"modified":"2026-01-07T04:28:27","modified_gmt":"2026-01-07T03:28:27","slug":"unisex-heavy-blend-crewneck-sweatshirt-skeleton-skull-decorated-smiler-flashy-and-young-trendy","status":"publish","type":"product","link":"https:\/\/tshirtsandgadgets.com\/index.php\/product\/unisex-heavy-blend-crewneck-sweatshirt-skeleton-skull-decorated-smiler-flashy-and-young-trendy\/","title":{"rendered":"Unisex Heavy Blend\u2122 Crewneck Sweatshirt, Skeleton skull decorated smiler, flashy and young trendy."},"content":{"rendered":"<p>[English]<br \/>\nSkeleton skull decorated smiler, flashy and young trendy.<br \/>\nIdeal for any situation, a unisex heavy blend crewneck sweatshirt is pure comfort. These garments are made from polyester and cotton. This combination helps designs come out looking fresh and beautiful. The collar is ribbed knit, so it retains its shape even after washing. There are no itchy side seams on these sweaters.<br \/>\n.: 50% cotton, 50% polyester<br \/>\n.: Medium-heavy fabric (8.0 oz\/yd\u00b2 (271.25 g\/m\u00b2))<br \/>\n.: Loose fit<br \/>\n.: Sewn-in label<br \/>\n.: Runs true to size<\/p>\n<p>[Fran\u00e7ais]<br \/>\nSquelette cr\u00e2ne d\u00e9cor\u00e9 souriant, flashy et jeune tendance.<br \/>\nId\u00e9al pour toutes les situations, un sweat-shirt unisexe \u00e0 col rond en m\u00e9lange \u00e9pais est un pur confort. Ces v\u00eatements sont fabriqu\u00e9s \u00e0 partir de polyester et de coton. Cette combinaison permet aux designs de para\u00eetre frais et beaux. Le col est en maille c\u00f4tel\u00e9e, il conserve donc sa forme m\u00eame apr\u00e8s le lavage. Il n\u2019y a pas de coutures lat\u00e9rales qui d\u00e9mangent sur ces pulls.<br \/>\n.: 50% coton, 50% polyester<br \/>\n.: Tissu mi-\u00e9pais (8,0 oz\/yd\u00b2 (271,25 g\/m\u00b2))<br \/>\n.: Ample<br \/>\n.: Etiquette cousue<br \/>\n.: Fonctionne fid\u00e8le \u00e0 la taille<\/p>\n","protected":false},"excerpt":{"rendered":"<p>&#8230;<\/p>\n","protected":false},"featured_media":24702,"comment_status":"open","ping_status":"closed","template":"","meta":{"om_disable_all_campaigns":false,"_monsterinsights_skip_tracking":false,"_monsterinsights_sitenote_active":false,"_monsterinsights_sitenote_note":"","_monsterinsights_sitenote_category":0,"_uf_show_specific_survey":0,"_uf_disable_surveys":false},"etheme_brands":[],"product_cat":[30,15,29,91],"product_tag":[],"class_list":{"0":"post-18086","1":"product","2":"type-product","3":"status-publish","4":"has-post-thumbnail","6":"product_cat-clothing","7":"product_cat-general","8":"product_cat-shop","9":"product_cat-sweatshirt","11":"first","12":"instock","13":"taxable","14":"shipping-taxable","15":"purchasable","16":"product-type-variable","17":"has-default-attributes"},"aioseo_notices":[],"jetpack_sharing_enabled":true,"_links":{"self":[{"href":"https:\/\/tshirtsandgadgets.com\/index.php\/wp-json\/wp\/v2\/product\/18086","targetHints":{"allow":["GET"]}}],"collection":[{"href":"https:\/\/tshirtsandgadgets.com\/index.php\/wp-json\/wp\/v2\/product"}],"about":[{"href":"https:\/\/tshirtsandgadgets.com\/index.php\/wp-json\/wp\/v2\/types\/product"}],"replies":[{"embeddable":true,"href":"https:\/\/tshirtsandgadgets.com\/index.php\/wp-json\/wp\/v2\/comments?post=18086"}],"version-history":[{"count":1,"href":"https:\/\/tshirtsandgadgets.com\/index.php\/wp-json\/wp\/v2\/product\/18086\/revisions"}],"predecessor-version":[{"id":22987,"href":"https:\/\/tshirtsandgadgets.com\/index.php\/wp-json\/wp\/v2\/product\/18086\/revisions\/22987"}],"wp:featuredmedia":[{"embeddable":true,"href":"https:\/\/tshirtsandgadgets.com\/index.php\/wp-json\/wp\/v2\/media\/24702"}],"wp:attachment":[{"href":"https:\/\/tshirtsandgadgets.com\/index.php\/wp-json\/wp\/v2\/media?parent=18086"}],"wp:term":[{"taxonomy":"brand","embeddable":true,"href":"https:\/\/tshirtsandgadgets.com\/index.php\/wp-json\/wp\/v2\/etheme_brands?post=18086"},{"taxonomy":"product_cat","embeddable":true,"href":"https:\/\/tshirtsandgadgets.com\/index.php\/wp-json\/wp\/v2\/product_cat?post=18086"},{"taxonomy":"product_tag","embeddable":true,"href":"https:\/\/tshirtsandgadgets.com\/index.php\/wp-json\/wp\/v2\/product_tag?post=18086"}],"curies":[{"name":"wp","href":"https:\/\/api.w.org\/{rel}","templated":true}]}}