{"id":17833,"date":"2024-05-13T05:48:31","date_gmt":"2024-05-13T03:48:31","guid":{"rendered":"https:\/\/tshirtsandgadgets.com\/product\/unisex-heavy-blend-crewneck-sweatshirt-the-free-woman-la-femme-libre\/"},"modified":"2024-06-17T01:25:32","modified_gmt":"2024-06-16T23:25:32","slug":"unisex-heavy-blend-crewneck-sweatshirt-the-free-woman-la-femme-libre","status":"publish","type":"product","link":"https:\/\/tshirtsandgadgets.com\/index.php\/product\/unisex-heavy-blend-crewneck-sweatshirt-the-free-woman-la-femme-libre\/","title":{"rendered":"Unisex Heavy Blend\u2122 Crewneck Sweatshirt, The free woman\/La femme libre"},"content":{"rendered":"<p>[English]<br \/>\n The free woman\/La femme libre<br \/>\nIdeal for any situation, a unisex heavy blend crewneck sweatshirt is pure comfort. These garments are made from polyester and cotton. This combination helps designs come out looking fresh and beautiful. The collar is ribbed knit, so it retains its shape even after washing. There are no itchy side seams on these sweaters.<br \/>\n.: 50% cotton, 50% polyester<br \/>\n.: Medium-heavy fabric (8.0 oz\/yd\u00b2 (271.25 g\/m\u00b2))<br \/>\n.: Loose fit<br \/>\n.: Sewn-in label<br \/>\n.: Runs true to size<br \/>\nIf you need these designs on T-shirts, hoodies, sweaters, caps, phone cases or other gadgets please feel free to reach out to us.<\/p>\n<p>[Fran\u00e7ais]<br \/>\n The free woman\/La femme libre<br \/>\nId\u00e9al pour toutes les situations, un sweat-shirt unisexe \u00e0 col rond en m\u00e9lange \u00e9pais est un pur confort. Ces v\u00eatements sont fabriqu\u00e9s \u00e0 partir de polyester et de coton. Cette combinaison permet aux designs de para\u00eetre frais et beaux. Le col est en maille c\u00f4tel\u00e9e, il conserve donc sa forme m\u00eame apr\u00e8s le lavage. Il n\u2019y a pas de coutures lat\u00e9rales qui d\u00e9mangent sur ces pulls.<br \/>\n.: 50% coton, 50% polyester<br \/>\n.: Tissu mi-\u00e9pais (8,0 oz\/yd\u00b2 (271,25 g\/m\u00b2))<br \/>\n.: Ample<br \/>\n.: Etiquette cousue<br \/>\n.: Fonctionne fid\u00e8le \u00e0 la taille<br \/>\nSi vous avez besoin de ces designs sur des T-shirts, des sweats \u00e0 capuche, des pulls, des casquettes, des coques de t\u00e9l\u00e9phone ou d&#8217;autres gadgets, n&#8217;h\u00e9sitez pas \u00e0 nous contacter.<\/p>\n","protected":false},"excerpt":{"rendered":"<p>&#8230;<\/p>\n","protected":false},"featured_media":17919,"comment_status":"open","ping_status":"closed","template":"","meta":{"om_disable_all_campaigns":false,"_monsterinsights_skip_tracking":false,"_monsterinsights_sitenote_active":false,"_monsterinsights_sitenote_note":"","_monsterinsights_sitenote_category":0,"_uf_show_specific_survey":0,"_uf_disable_surveys":false},"etheme_brands":[],"product_cat":[15,30,29,91],"product_tag":[],"class_list":{"0":"post-17833","1":"product","2":"type-product","3":"status-publish","4":"has-post-thumbnail","6":"product_cat-general","7":"product_cat-clothing","8":"product_cat-shop","9":"product_cat-sweatshirt","11":"first","12":"instock","13":"taxable","14":"shipping-taxable","15":"purchasable","16":"product-type-variable","17":"has-default-attributes"},"aioseo_notices":[],"jetpack_sharing_enabled":true,"_links":{"self":[{"href":"https:\/\/tshirtsandgadgets.com\/index.php\/wp-json\/wp\/v2\/product\/17833","targetHints":{"allow":["GET"]}}],"collection":[{"href":"https:\/\/tshirtsandgadgets.com\/index.php\/wp-json\/wp\/v2\/product"}],"about":[{"href":"https:\/\/tshirtsandgadgets.com\/index.php\/wp-json\/wp\/v2\/types\/product"}],"replies":[{"embeddable":true,"href":"https:\/\/tshirtsandgadgets.com\/index.php\/wp-json\/wp\/v2\/comments?post=17833"}],"version-history":[{"count":1,"href":"https:\/\/tshirtsandgadgets.com\/index.php\/wp-json\/wp\/v2\/product\/17833\/revisions"}],"predecessor-version":[{"id":22988,"href":"https:\/\/tshirtsandgadgets.com\/index.php\/wp-json\/wp\/v2\/product\/17833\/revisions\/22988"}],"wp:featuredmedia":[{"embeddable":true,"href":"https:\/\/tshirtsandgadgets.com\/index.php\/wp-json\/wp\/v2\/media\/17919"}],"wp:attachment":[{"href":"https:\/\/tshirtsandgadgets.com\/index.php\/wp-json\/wp\/v2\/media?parent=17833"}],"wp:term":[{"taxonomy":"brand","embeddable":true,"href":"https:\/\/tshirtsandgadgets.com\/index.php\/wp-json\/wp\/v2\/etheme_brands?post=17833"},{"taxonomy":"product_cat","embeddable":true,"href":"https:\/\/tshirtsandgadgets.com\/index.php\/wp-json\/wp\/v2\/product_cat?post=17833"},{"taxonomy":"product_tag","embeddable":true,"href":"https:\/\/tshirtsandgadgets.com\/index.php\/wp-json\/wp\/v2\/product_tag?post=17833"}],"curies":[{"name":"wp","href":"https:\/\/api.w.org\/{rel}","templated":true}]}}