{"id":17543,"date":"2024-04-25T15:39:33","date_gmt":"2024-04-25T13:39:33","guid":{"rendered":"https:\/\/tshirtsandgadgets.com\/product\/holding-eyes-using-a-thin-thread-canvas-gallery-wraps-tenir-des-yeux-a-laide-dun-fil-fin-enveloppements-de-galerie-de-toile\/"},"modified":"2024-05-13T05:45:03","modified_gmt":"2024-05-13T03:45:03","slug":"holding-eyes-using-a-thin-thread-canvas-gallery-wraps-tenir-des-yeux-a-laide-dun-fil-fin-enveloppements-de-galerie-de-toile","status":"publish","type":"product","link":"https:\/\/tshirtsandgadgets.com\/index.php\/product\/holding-eyes-using-a-thin-thread-canvas-gallery-wraps-tenir-des-yeux-a-laide-dun-fil-fin-enveloppements-de-galerie-de-toile\/","title":{"rendered":"Holding eyes using a thin thread. Canvas Gallery Wraps &#8211;  Tenir des yeux \u00e0 l&#8217;aide d&#8217;un fil fin. Enveloppements de galerie de toile"},"content":{"rendered":"<p>[English]<br \/>\nHolding eyes using a thin thread. Uplift any room&#8217;s decor with art that&#8217;s printed on top-quality canvas gallery wraps. Each wrap is made with finely textured, artist-grade cotton substrate which helps reproduce your image in outstanding clarity and detail. Available in multiple sizes, these closed back canvases are built with a patented, solid support face and are excellent for indoor use.<br \/>\n.: 100% cotton fabric (400gsm)<br \/>\n.: Horizontal, vertical and square options available<br \/>\n.: Closed MDF backing<br \/>\n.: Built with a patented solid support face<br \/>\n.: High image quality and detail<br \/>\n.: NB! For indoor use only<\/p>\n<p>[Fran\u00e7ais]<br \/>\nTenir les yeux \u00e0 l&#8217;aide d&#8217;un fil fin. Rehaussez le d\u00e9cor de n\u2019importe quelle pi\u00e8ce avec des \u0153uvres d\u2019art imprim\u00e9es sur des toiles de qualit\u00e9 sup\u00e9rieure. Chaque emballage est fabriqu\u00e9 avec un substrat en coton finement textur\u00e9 de qualit\u00e9 artistique qui aide \u00e0 reproduire votre image avec une clart\u00e9 et des d\u00e9tails exceptionnels. Disponibles en plusieurs tailles, ces toiles \u00e0 dos ferm\u00e9 sont construites avec une face de support solide et brevet\u00e9e et sont excellentes pour une utilisation en int\u00e9rieur.<br \/>\n.: Tissu 100% coton (400gsm)<br \/>\n.: Options horizontales, verticales et carr\u00e9es disponibles<br \/>\n.: Support MDF ferm\u00e9<br \/>\n.: Construit avec une face de support solide brevet\u00e9e<br \/>\n.: Qualit\u00e9 d&#8217;image et d\u00e9tails \u00e9lev\u00e9s<br \/>\n.: Attention ! Pour une utilisation en int\u00e9rieur uniquement<\/p>\n","protected":false},"excerpt":{"rendered":"<p>&#8230;<\/p>\n","protected":false},"featured_media":17546,"comment_status":"open","ping_status":"closed","template":"","meta":{"om_disable_all_campaigns":false,"_monsterinsights_skip_tracking":false,"_monsterinsights_sitenote_active":false,"_monsterinsights_sitenote_note":"","_monsterinsights_sitenote_category":0,"_uf_show_specific_survey":0,"_uf_disable_surveys":false},"etheme_brands":[],"product_cat":[72,29],"product_tag":[],"class_list":{"0":"post-17543","1":"product","2":"type-product","3":"status-publish","4":"has-post-thumbnail","6":"product_cat-canvas-gallery-wraps","7":"product_cat-shop","9":"first","10":"instock","11":"taxable","12":"shipping-taxable","13":"purchasable","14":"product-type-variable","15":"has-default-attributes"},"aioseo_notices":[],"jetpack_sharing_enabled":true,"_links":{"self":[{"href":"https:\/\/tshirtsandgadgets.com\/index.php\/wp-json\/wp\/v2\/product\/17543","targetHints":{"allow":["GET"]}}],"collection":[{"href":"https:\/\/tshirtsandgadgets.com\/index.php\/wp-json\/wp\/v2\/product"}],"about":[{"href":"https:\/\/tshirtsandgadgets.com\/index.php\/wp-json\/wp\/v2\/types\/product"}],"replies":[{"embeddable":true,"href":"https:\/\/tshirtsandgadgets.com\/index.php\/wp-json\/wp\/v2\/comments?post=17543"}],"version-history":[{"count":1,"href":"https:\/\/tshirtsandgadgets.com\/index.php\/wp-json\/wp\/v2\/product\/17543\/revisions"}],"predecessor-version":[{"id":17789,"href":"https:\/\/tshirtsandgadgets.com\/index.php\/wp-json\/wp\/v2\/product\/17543\/revisions\/17789"}],"wp:featuredmedia":[{"embeddable":true,"href":"https:\/\/tshirtsandgadgets.com\/index.php\/wp-json\/wp\/v2\/media\/17546"}],"wp:attachment":[{"href":"https:\/\/tshirtsandgadgets.com\/index.php\/wp-json\/wp\/v2\/media?parent=17543"}],"wp:term":[{"taxonomy":"brand","embeddable":true,"href":"https:\/\/tshirtsandgadgets.com\/index.php\/wp-json\/wp\/v2\/etheme_brands?post=17543"},{"taxonomy":"product_cat","embeddable":true,"href":"https:\/\/tshirtsandgadgets.com\/index.php\/wp-json\/wp\/v2\/product_cat?post=17543"},{"taxonomy":"product_tag","embeddable":true,"href":"https:\/\/tshirtsandgadgets.com\/index.php\/wp-json\/wp\/v2\/product_tag?post=17543"}],"curies":[{"name":"wp","href":"https:\/\/api.w.org\/{rel}","templated":true}]}}