{"id":16753,"date":"2024-04-25T09:06:14","date_gmt":"2024-04-25T07:06:14","guid":{"rendered":"https:\/\/tshirtsandgadgets.com\/product\/unisex-tie-dye-sweatshirt-skeleton-skull-decorated-smiler-flashy-and-young-trendy\/"},"modified":"2024-05-24T04:01:05","modified_gmt":"2024-05-24T02:01:05","slug":"unisex-tie-dye-sweatshirt-skeleton-skull-decorated-smiler-flashy-and-young-trendy","status":"publish","type":"product","link":"https:\/\/tshirtsandgadgets.com\/index.php\/product\/unisex-tie-dye-sweatshirt-skeleton-skull-decorated-smiler-flashy-and-young-trendy\/","title":{"rendered":"Unisex Tie-Dye Sweatshirt, Skeleton skull decorated smiler, flashy and young trendy."},"content":{"rendered":"<p>[English]<br \/>\nSkeleton skull decorated smiler, flashy and young trendy.<br \/>\nA tie-dye sweatshirt is a staple item for anyone who loves a splash of color. Upload your original designs, and we&#8217;ll print them picture-perfectly on the 8.5oz, 80\/20 cotton-polyester blend fleece. It&#8217;s hand-dyed in gorgeous colors that&#8217;ll last for years without fading. The garment is made from pre-shrunk PFD cotton to avoid shrinkage after regular washing.<br \/>\nNB! Slight color variations may occur due to the dyeing process.<br \/>\n.: Material: 80% ring-spun cotton, 20% polyester<br \/>\n.: Medium heavy fabric (8.5 oz \/yd\u00b2 (300 g\/m\u00b2))<br \/>\n.: Relaxed fit<br \/>\n.: Sewn-in label<\/p>\n<p>[Fran\u00e7ais]<br \/>\nSquelette cr\u00e2ne d\u00e9cor\u00e9 souriant, flashy et jeune tendance.<br \/>\nUn sweat-shirt tie-dye est un article incontournable pour tous ceux qui aiment les touches de couleur. T\u00e9l\u00e9chargez vos cr\u00e9ations originales et nous les imprimerons parfaitement sur le molleton m\u00e9lang\u00e9 coton-polyester 8,5 oz, 80\/20. Il est teint \u00e0 la main dans de magnifiques couleurs qui dureront des ann\u00e9es sans se d\u00e9colorer. Le v\u00eatement est fabriqu\u00e9 \u00e0 partir de coton PFD pr\u00e9-r\u00e9tr\u00e9ci pour \u00e9viter le r\u00e9tr\u00e9cissement apr\u00e8s un lavage r\u00e9gulier.<br \/>\nAttention ! De l\u00e9g\u00e8res variations de couleur peuvent survenir en raison du processus de teinture.<br \/>\n.: Mat\u00e9riau : 80 % coton fil\u00e9 \u00e0 l&#8217;anneau, 20 % polyester<br \/>\n.: Tissu mi-\u00e9pais (8,5 oz \/yd\u00b2 (300 g\/m\u00b2))<br \/>\n.: Coupe d\u00e9contract\u00e9e<br \/>\n.: Etiquette cousue<\/p>\n","protected":false},"excerpt":{"rendered":"<p>&#8230;<\/p>\n","protected":false},"featured_media":16760,"comment_status":"open","ping_status":"closed","template":"","meta":{"om_disable_all_campaigns":false,"_monsterinsights_skip_tracking":false,"_monsterinsights_sitenote_active":false,"_monsterinsights_sitenote_note":"","_monsterinsights_sitenote_category":0,"_uf_show_specific_survey":0,"_uf_disable_surveys":false},"etheme_brands":[],"product_cat":[30,77,29,75],"product_tag":[],"class_list":{"0":"post-16753","1":"product","2":"type-product","3":"status-publish","4":"has-post-thumbnail","6":"product_cat-clothing","7":"product_cat-hot-sale","8":"product_cat-shop","9":"product_cat-t-shirts","11":"first","12":"instock","13":"taxable","14":"shipping-taxable","15":"purchasable","16":"product-type-variable","17":"has-default-attributes"},"aioseo_notices":[],"jetpack_sharing_enabled":true,"_links":{"self":[{"href":"https:\/\/tshirtsandgadgets.com\/index.php\/wp-json\/wp\/v2\/product\/16753","targetHints":{"allow":["GET"]}}],"collection":[{"href":"https:\/\/tshirtsandgadgets.com\/index.php\/wp-json\/wp\/v2\/product"}],"about":[{"href":"https:\/\/tshirtsandgadgets.com\/index.php\/wp-json\/wp\/v2\/types\/product"}],"replies":[{"embeddable":true,"href":"https:\/\/tshirtsandgadgets.com\/index.php\/wp-json\/wp\/v2\/comments?post=16753"}],"version-history":[{"count":1,"href":"https:\/\/tshirtsandgadgets.com\/index.php\/wp-json\/wp\/v2\/product\/16753\/revisions"}],"predecessor-version":[{"id":17794,"href":"https:\/\/tshirtsandgadgets.com\/index.php\/wp-json\/wp\/v2\/product\/16753\/revisions\/17794"}],"wp:featuredmedia":[{"embeddable":true,"href":"https:\/\/tshirtsandgadgets.com\/index.php\/wp-json\/wp\/v2\/media\/16760"}],"wp:attachment":[{"href":"https:\/\/tshirtsandgadgets.com\/index.php\/wp-json\/wp\/v2\/media?parent=16753"}],"wp:term":[{"taxonomy":"brand","embeddable":true,"href":"https:\/\/tshirtsandgadgets.com\/index.php\/wp-json\/wp\/v2\/etheme_brands?post=16753"},{"taxonomy":"product_cat","embeddable":true,"href":"https:\/\/tshirtsandgadgets.com\/index.php\/wp-json\/wp\/v2\/product_cat?post=16753"},{"taxonomy":"product_tag","embeddable":true,"href":"https:\/\/tshirtsandgadgets.com\/index.php\/wp-json\/wp\/v2\/product_tag?post=16753"}],"curies":[{"name":"wp","href":"https:\/\/api.w.org\/{rel}","templated":true}]}}