{"id":16303,"date":"2024-04-25T08:39:37","date_gmt":"2024-04-25T06:39:37","guid":{"rendered":"https:\/\/tshirtsandgadgets.com\/product\/asian-woman-with-flowers-unisex-heavy-medium-fabric-5-3-oz-yd2-tee-femme-asiatique-avec-des-fleurs-unisex-cotton-tee-tissu-medium-180-g-m2\/"},"modified":"2024-07-08T18:45:01","modified_gmt":"2024-07-08T16:45:01","slug":"asian-woman-with-flowers-unisex-heavy-medium-fabric-5-3-oz-yd2-tee-femme-asiatique-avec-des-fleurs-unisex-cotton-tee-tissu-medium-180-g-m2","status":"publish","type":"product","link":"https:\/\/tshirtsandgadgets.com\/index.php\/product\/asian-woman-with-flowers-unisex-heavy-medium-fabric-5-3-oz-yd2-tee-femme-asiatique-avec-des-fleurs-unisex-cotton-tee-tissu-medium-180-g-m2\/","title":{"rendered":"Asian woman with flowers Unisex Heavy Medium fabric 5.3 oz\/yd2 Tee | Femme asiatique avec des fleurs Unisex Cotton Tee Tissu Medium 180 g\/m2"},"content":{"rendered":"<p>[English]<br \/>\nAsian woman with flowers Unisex Heavy Medium fabric 5.3 oz\/yd2 T-shirt.<br \/>\nThe unisex heavy cotton tee is the basic staple of any wardrobe. It is the foundation upon which casual fashion grows. All it needs is a personalized design to elevate things to profitability. The specially spun fibers provide a smooth surface for premium printing vividity and sharpness. No side seams mean there are no itchy interruptions under the arms. The shoulders have tape for improved durability.<br \/>\n.: 100% cotton (fiber content may vary for different colors)<br \/>\n.: Medium fabric (5.3 oz\/yd\u00b2 (180 g\/m\u00b2))<br \/>\n.: Classic fit<br \/>\n.: Tear-away label<br \/>\n.: Runs true to size<\/p>\n<p>[Fran\u00e7ais]<br \/>\nFemme asiatique avec des fleurs T-shirt unisexe en tissu lourd moyen de 5,3 oz\/yd2.<br \/>\nLe t-shirt unisexe en coton \u00e9pais est l\u2019incontournable de toute garde-robe. C\u2019est la base sur laquelle se d\u00e9veloppe la mode d\u00e9contract\u00e9e. Tout ce dont il a besoin, c\u2019est d\u2019une conception personnalis\u00e9e pour \u00e9lever les choses \u00e0 la rentabilit\u00e9. Les fibres sp\u00e9cialement fil\u00e9es offrent une surface lisse pour une vivacit\u00e9 et une nettet\u00e9 d&#8217;impression exceptionnelles. L&#8217;absence de coutures lat\u00e9rales signifie qu&#8217;il n&#8217;y a pas d&#8217;interruptions de d\u00e9mangeaisons sous les bras. Les \u00e9paules ont du ruban adh\u00e9sif pour une meilleure durabilit\u00e9.<br \/>\n.: 100 % coton (la teneur en fibres peut varier selon les couleurs)<br \/>\n.: Tissu moyen (5,3 oz\/yd\u00b2 (180 g\/m\u00b2))<br \/>\n.: Coupe classique<br \/>\n.: Etiquette d\u00e9tachable<br \/>\n.: Fonctionne fid\u00e8le \u00e0 la taille<\/p>\n","protected":false},"excerpt":{"rendered":"<p>&#8230;<\/p>\n","protected":false},"featured_media":16402,"comment_status":"open","ping_status":"closed","template":"","meta":{"om_disable_all_campaigns":false,"_monsterinsights_skip_tracking":false,"_monsterinsights_sitenote_active":false,"_monsterinsights_sitenote_note":"","_monsterinsights_sitenote_category":0,"_uf_show_specific_survey":0,"_uf_disable_surveys":false},"etheme_brands":[],"product_cat":[30,77,29,75],"product_tag":[],"class_list":{"0":"post-16303","1":"product","2":"type-product","3":"status-publish","4":"has-post-thumbnail","6":"product_cat-clothing","7":"product_cat-hot-sale","8":"product_cat-shop","9":"product_cat-t-shirts","11":"first","12":"instock","13":"taxable","14":"shipping-taxable","15":"purchasable","16":"product-type-variable","17":"has-default-attributes"},"aioseo_notices":[],"jetpack_sharing_enabled":true,"_links":{"self":[{"href":"https:\/\/tshirtsandgadgets.com\/index.php\/wp-json\/wp\/v2\/product\/16303","targetHints":{"allow":["GET"]}}],"collection":[{"href":"https:\/\/tshirtsandgadgets.com\/index.php\/wp-json\/wp\/v2\/product"}],"about":[{"href":"https:\/\/tshirtsandgadgets.com\/index.php\/wp-json\/wp\/v2\/types\/product"}],"replies":[{"embeddable":true,"href":"https:\/\/tshirtsandgadgets.com\/index.php\/wp-json\/wp\/v2\/comments?post=16303"}],"version-history":[{"count":1,"href":"https:\/\/tshirtsandgadgets.com\/index.php\/wp-json\/wp\/v2\/product\/16303\/revisions"}],"predecessor-version":[{"id":17795,"href":"https:\/\/tshirtsandgadgets.com\/index.php\/wp-json\/wp\/v2\/product\/16303\/revisions\/17795"}],"wp:featuredmedia":[{"embeddable":true,"href":"https:\/\/tshirtsandgadgets.com\/index.php\/wp-json\/wp\/v2\/media\/16402"}],"wp:attachment":[{"href":"https:\/\/tshirtsandgadgets.com\/index.php\/wp-json\/wp\/v2\/media?parent=16303"}],"wp:term":[{"taxonomy":"brand","embeddable":true,"href":"https:\/\/tshirtsandgadgets.com\/index.php\/wp-json\/wp\/v2\/etheme_brands?post=16303"},{"taxonomy":"product_cat","embeddable":true,"href":"https:\/\/tshirtsandgadgets.com\/index.php\/wp-json\/wp\/v2\/product_cat?post=16303"},{"taxonomy":"product_tag","embeddable":true,"href":"https:\/\/tshirtsandgadgets.com\/index.php\/wp-json\/wp\/v2\/product_tag?post=16303"}],"curies":[{"name":"wp","href":"https:\/\/api.w.org\/{rel}","templated":true}]}}