{"id":11142,"date":"2024-04-23T23:17:43","date_gmt":"2024-04-23T21:17:43","guid":{"rendered":"https:\/\/tshirtsandgadgets.com\/product\/the-leaf-unisex-softstyle-t-shirt-light-fabric-5-3-oz-yd2-la-feuille-t-shirt-unisexe-tissu-leger-180-g-m2\/"},"modified":"2026-01-07T04:27:57","modified_gmt":"2026-01-07T03:27:57","slug":"the-leaf-unisex-softstyle-t-shirt-light-fabric-5-3-oz-yd2-la-feuille-t-shirt-unisexe-tissu-leger-180-g-m2","status":"publish","type":"product","link":"https:\/\/tshirtsandgadgets.com\/index.php\/product\/the-leaf-unisex-softstyle-t-shirt-light-fabric-5-3-oz-yd2-la-feuille-t-shirt-unisexe-tissu-leger-180-g-m2\/","title":{"rendered":"The leaf Unisex Softstyle T-Shirt Light fabric 5.3 oz\/yd2 | La feuille T-shirt unisexe Tissu l\u00e9ger 180 g\/m2"},"content":{"rendered":"<p>[English]<br \/>\nThe leaf. The unisex heavy cotton tee is the basic staple of any wardrobe. It is the foundation upon which casual fashion grows. All it needs is a personalized design to elevate things to profitability. The specially spun fibers provide a smooth surface for premium printing vividity and sharpness. No side seams mean there are no itchy interruptions under the arms. The shoulders have tape for improved durability.<br \/>\n.: Made with medium fabric (5.3 oz\/yd\u00b2 (180 g\/m\u00b2)) consisting of 100% cotton for year-round comfort that is sustainable and highly durable.<br \/>\n.: The classic fit of this shirt ensures a comfy, relaxed wear while the crew neckline adds that neat, timeless look that can blend into any occasion, casual or semi-formal.<br \/>\n.: The tear-away label means a scratch-free experience with no irritation or discomfort whatsoever.<br \/>\n.: Made using 100% US cotton that is ethically grown and harvested. Gildan is also a proud member of the US Cotton Trust Protocol ensuring ethical and sustainable means of production. This blank tee is certified by Oeko-Tex for safety and quality assurance.<\/p>\n<p>[Fran\u00e7ais]<br \/>\nLa feuille. Le t-shirt unisexe en coton \u00e9pais est l\u2019incontournable de toute garde-robe. C\u2019est la base sur laquelle se d\u00e9veloppe la mode d\u00e9contract\u00e9e. Tout ce dont il a besoin, c\u2019est d\u2019une conception personnalis\u00e9e pour \u00e9lever les choses \u00e0 la rentabilit\u00e9. Les fibres sp\u00e9cialement fil\u00e9es offrent une surface lisse pour une vivacit\u00e9 et une nettet\u00e9 d&#8217;impression exceptionnelles. L&#8217;absence de coutures lat\u00e9rales signifie qu&#8217;il n&#8217;y a pas d&#8217;interruptions de d\u00e9mangeaisons sous les bras. Les \u00e9paules ont du ruban adh\u00e9sif pour une meilleure durabilit\u00e9.<br \/>\n.: Fabriqu\u00e9 avec un tissu moyen (5,3 oz\/yd\u00b2 (180 g\/m\u00b2)) compos\u00e9 \u00e0 100 % de coton pour un confort toute l&#8217;ann\u00e9e, durable et tr\u00e8s r\u00e9sistant.<br \/>\n.: La coupe classique de cette chemise assure un port confortable et d\u00e9contract\u00e9 tandis que l&#8217;encolure ras du cou ajoute un look soign\u00e9 et intemporel qui peut se fondre dans n&#8217;importe quelle occasion, d\u00e9contract\u00e9e ou semi-formelle.<br \/>\n.: L&#8217;\u00e9tiquette d\u00e9tachable signifie une exp\u00e9rience sans rayures, sans irritation ni inconfort.<br \/>\n.: Fabriqu\u00e9 \u00e0 partir de coton 100 % am\u00e9ricain cultiv\u00e9 et r\u00e9colt\u00e9 de mani\u00e8re \u00e9thique. Gildan est \u00e9galement fier d&#8217;\u00eatre membre du US Cotton Trust Protocol, qui garantit des moyens de production \u00e9thiques et durables. Ce t-shirt vierge est certifi\u00e9 par Oeko-Tex pour la s\u00e9curit\u00e9 et l&#8217;assurance qualit\u00e9.<\/p>\n","protected":false},"excerpt":{"rendered":"<p>&#8230;<\/p>\n","protected":false},"featured_media":11237,"comment_status":"open","ping_status":"closed","template":"","meta":{"om_disable_all_campaigns":false,"_monsterinsights_skip_tracking":false,"_monsterinsights_sitenote_active":false,"_monsterinsights_sitenote_note":"","_monsterinsights_sitenote_category":0,"_uf_show_specific_survey":0,"_uf_disable_surveys":false},"etheme_brands":[],"product_cat":[30,77,29,75],"product_tag":[],"class_list":{"0":"post-11142","1":"product","2":"type-product","3":"status-publish","4":"has-post-thumbnail","6":"product_cat-clothing","7":"product_cat-hot-sale","8":"product_cat-shop","9":"product_cat-t-shirts","11":"first","12":"instock","13":"taxable","14":"shipping-taxable","15":"purchasable","16":"product-type-variable","17":"has-default-attributes"},"aioseo_notices":[],"jetpack_sharing_enabled":true,"_links":{"self":[{"href":"https:\/\/tshirtsandgadgets.com\/index.php\/wp-json\/wp\/v2\/product\/11142","targetHints":{"allow":["GET"]}}],"collection":[{"href":"https:\/\/tshirtsandgadgets.com\/index.php\/wp-json\/wp\/v2\/product"}],"about":[{"href":"https:\/\/tshirtsandgadgets.com\/index.php\/wp-json\/wp\/v2\/types\/product"}],"replies":[{"embeddable":true,"href":"https:\/\/tshirtsandgadgets.com\/index.php\/wp-json\/wp\/v2\/comments?post=11142"}],"version-history":[{"count":1,"href":"https:\/\/tshirtsandgadgets.com\/index.php\/wp-json\/wp\/v2\/product\/11142\/revisions"}],"predecessor-version":[{"id":17811,"href":"https:\/\/tshirtsandgadgets.com\/index.php\/wp-json\/wp\/v2\/product\/11142\/revisions\/17811"}],"wp:featuredmedia":[{"embeddable":true,"href":"https:\/\/tshirtsandgadgets.com\/index.php\/wp-json\/wp\/v2\/media\/11237"}],"wp:attachment":[{"href":"https:\/\/tshirtsandgadgets.com\/index.php\/wp-json\/wp\/v2\/media?parent=11142"}],"wp:term":[{"taxonomy":"brand","embeddable":true,"href":"https:\/\/tshirtsandgadgets.com\/index.php\/wp-json\/wp\/v2\/etheme_brands?post=11142"},{"taxonomy":"product_cat","embeddable":true,"href":"https:\/\/tshirtsandgadgets.com\/index.php\/wp-json\/wp\/v2\/product_cat?post=11142"},{"taxonomy":"product_tag","embeddable":true,"href":"https:\/\/tshirtsandgadgets.com\/index.php\/wp-json\/wp\/v2\/product_tag?post=11142"}],"curies":[{"name":"wp","href":"https:\/\/api.w.org\/{rel}","templated":true}]}}